{"id":2369,"date":"2022-02-06T11:35:19","date_gmt":"2022-02-06T09:35:19","guid":{"rendered":"https:\/\/diversitylearning.eu\/?page_id=2369"},"modified":"2023-01-16T15:09:39","modified_gmt":"2023-01-16T13:09:39","slug":"about-wic-slo","status":"publish","type":"page","link":"https:\/\/diversitylearning.eu\/index.php\/sl\/about-wic-slo\/","title":{"rendered":"O WIC SLO"},"content":{"rendered":"\t\t<div data-elementor-type=\"wp-page\" data-elementor-id=\"2369\" class=\"elementor elementor-2369\" data-elementor-post-type=\"page\">\n\t\t\t\t\t\t<section class=\"elementor-section elementor-top-section elementor-element elementor-element-6286c24 elementor-section-boxed elementor-section-height-default elementor-section-height-default\" data-id=\"6286c24\" data-element_type=\"section\" data-e-type=\"section\">\n\t\t\t\t\t\t<div class=\"elementor-container elementor-column-gap-default\">\n\t\t\t\t\t<div class=\"elementor-column elementor-col-100 elementor-top-column elementor-element elementor-element-2d98cf3\" data-id=\"2d98cf3\" data-element_type=\"column\" data-e-type=\"column\">\n\t\t\t<div class=\"elementor-widget-wrap elementor-element-populated\">\n\t\t\t\t\t\t\t<\/div>\n\t\t<\/div>\n\t\t\t\t\t<\/div>\n\t\t<\/section>\n\t\t\t\t<section class=\"elementor-section elementor-top-section elementor-element elementor-element-f666f13 elementor-section-boxed elementor-section-height-default elementor-section-height-default\" data-id=\"f666f13\" data-element_type=\"section\" data-e-type=\"section\">\n\t\t\t\t\t\t<div class=\"elementor-container elementor-column-gap-default\">\n\t\t\t\t\t<div class=\"elementor-column elementor-col-100 elementor-top-column elementor-element elementor-element-a0b65c9\" data-id=\"a0b65c9\" data-element_type=\"column\" data-e-type=\"column\">\n\t\t\t<div class=\"elementor-widget-wrap elementor-element-populated\">\n\t\t\t\t\t\t<div class=\"elementor-element elementor-element-a5141a4 elementor-widget elementor-widget-image\" data-id=\"a5141a4\" data-element_type=\"widget\" data-e-type=\"widget\" data-widget_type=\"image.default\">\n\t\t\t\t<div class=\"elementor-widget-container\">\n\t\t\t\t\t\t\t\t\t\t\t\t\t\t\t<img fetchpriority=\"high\" decoding=\"async\" width=\"1692\" height=\"678\" src=\"https:\/\/diversitylearning.eu\/wp-content\/uploads\/2022\/02\/about_wic_pencils.jpg\" class=\"attachment-full size-full wp-image-2210\" alt=\"\" srcset=\"https:\/\/diversitylearning.eu\/wp-content\/uploads\/2022\/02\/about_wic_pencils.jpg 1692w, https:\/\/diversitylearning.eu\/wp-content\/uploads\/2022\/02\/about_wic_pencils-300x120.jpg 300w, https:\/\/diversitylearning.eu\/wp-content\/uploads\/2022\/02\/about_wic_pencils-1024x410.jpg 1024w, https:\/\/diversitylearning.eu\/wp-content\/uploads\/2022\/02\/about_wic_pencils-768x308.jpg 768w, https:\/\/diversitylearning.eu\/wp-content\/uploads\/2022\/02\/about_wic_pencils-1536x615.jpg 1536w, https:\/\/diversitylearning.eu\/wp-content\/uploads\/2022\/02\/about_wic_pencils-600x240.jpg 600w\" sizes=\"(max-width: 1692px) 100vw, 1692px\" \/>\t\t\t\t\t\t\t\t\t\t\t\t\t\t\t<\/div>\n\t\t\t\t<\/div>\n\t\t\t\t\t<\/div>\n\t\t<\/div>\n\t\t\t\t\t<\/div>\n\t\t<\/section>\n\t\t\t\t<section class=\"elementor-section elementor-top-section elementor-element elementor-element-190b779 elementor-section-boxed elementor-section-height-default elementor-section-height-default\" data-id=\"190b779\" data-element_type=\"section\" data-e-type=\"section\">\n\t\t\t\t\t\t<div class=\"elementor-container elementor-column-gap-default\">\n\t\t\t\t\t<div class=\"elementor-column elementor-col-50 elementor-top-column elementor-element elementor-element-ed2f5a9\" data-id=\"ed2f5a9\" data-element_type=\"column\" data-e-type=\"column\">\n\t\t\t<div class=\"elementor-widget-wrap elementor-element-populated\">\n\t\t\t\t\t\t<div class=\"elementor-element elementor-element-6f5445a elementor-widget elementor-widget-text-editor\" data-id=\"6f5445a\" data-element_type=\"widget\" data-e-type=\"widget\" data-widget_type=\"text-editor.default\">\n\t\t\t\t<div class=\"elementor-widget-container\">\n\t\t\t\t\t\t\t\t\t<p><strong>Po uspe\u0161nem za\u010detku leta 2017 in 2018 so hrva\u0161ka, slovenska in romunska listina raznolikosti ponovno zdru\u017eile mo\u010di za pospe\u0161itev vklju\u010devanja in spodbujanja upravljanja raznolikosti v regiji.<\/strong><\/p><p>\u00a0<\/p><p>Program je namenjen \u0161iroki paleti zainteresiranih strani in strokovnega znanja ter je zasnovan tako, da organizacijam podpisnicam omogo\u010da, da bolj strate\u0161ko vgradijo raznolikost, kar je korak naprej od enkratnih pobud. Udele\u017eence opremi s potrebnimi orodji, znanjem in spretnostmi, da se umaknejo od improvizacije in se bolj strate\u0161ko pribli\u017eajo V&amp;R.<\/p><p><strong>7 Modulov za usposabljanje na podro\u010dju R&amp;V in regionalna shema za mentorstvo<\/strong> raznolikosti sta mo\u010dna podlaga za u\u010denje in mentorstvo podpisnikov Listine v teh dr\u017eavah, in jim omogo\u010data, da \u0161e bolj prakti\u010dno in strate\u0161ko obravnavajo na\u010dela Listine. Prakti\u010dno in interaktivno obravnavanje vpra\u0161anj R&amp;V pomaga podpisnicam, da postanejo \u0161e bolj aktivne na podro\u010dju raznolikosti, hkrati pa vzpostavijo trden okvir za interakcije in izmenjavo najbolj\u0161ih praks med organizacijami podpisnicami. Projekt je zasnovan tako, da dose\u017ee ve\u010d u\u010dnih rezultatov, vklju\u010dno z razvojem znanja podpisnikov, spretnosti in odnosa, okrepljenega samo poznavanja, okrepljenih organizacijskih kultur, izbolj\u0161anih spretnosti za delo z razli\u010dnimi skupinami.<\/p>\t\t\t\t\t\t\t\t<\/div>\n\t\t\t\t<\/div>\n\t\t\t\t\t<\/div>\n\t\t<\/div>\n\t\t\t\t<div class=\"elementor-column elementor-col-50 elementor-top-column elementor-element elementor-element-be51d94\" data-id=\"be51d94\" data-element_type=\"column\" data-e-type=\"column\">\n\t\t\t<div class=\"elementor-widget-wrap elementor-element-populated\">\n\t\t\t\t\t\t<div class=\"elementor-element elementor-element-a6b8b29 elementor-widget elementor-widget-shortcode\" data-id=\"a6b8b29\" data-element_type=\"widget\" data-e-type=\"widget\" data-widget_type=\"shortcode.default\">\n\t\t\t\t<div class=\"elementor-widget-container\">\n\t\t\t\t\t\t\t<div class=\"elementor-shortcode\"><div style=\"padding:56.25% 0 0 0;position:relative;\"><iframe src=\"https:\/\/player.vimeo.com\/video\/671890682?h=47b23d875f&amp;badge=0&amp;autopause=0&amp;player_id=0&amp;app_id=58479\" frameborder=\"0\" allow=\"autoplay; fullscreen; picture-in-picture\" allowfullscreen style=\"position:absolute;top:0;left:0;width:100%;height:100%;\" title=\"WIC Introduction\"><\/iframe><\/div><script src=\"https:\/\/player.vimeo.com\/api\/player.js\"><\/script><\/div>\n\t\t\t\t\t\t<\/div>\n\t\t\t\t<\/div>\n\t\t\t\t\t<\/div>\n\t\t<\/div>\n\t\t\t\t\t<\/div>\n\t\t<\/section>\n\t\t\t\t<section class=\"elementor-section elementor-top-section elementor-element elementor-element-135eb3f elementor-section-boxed elementor-section-height-default elementor-section-height-default\" data-id=\"135eb3f\" data-element_type=\"section\" data-e-type=\"section\">\n\t\t\t\t\t\t<div class=\"elementor-container elementor-column-gap-default\">\n\t\t\t\t\t<div class=\"elementor-column elementor-col-100 elementor-top-column elementor-element elementor-element-2f35c60\" data-id=\"2f35c60\" data-element_type=\"column\" data-e-type=\"column\">\n\t\t\t<div class=\"elementor-widget-wrap elementor-element-populated\">\n\t\t\t\t\t\t<div class=\"elementor-element elementor-element-f0f440b elementor-widget elementor-widget-spacer\" data-id=\"f0f440b\" data-element_type=\"widget\" data-e-type=\"widget\" data-widget_type=\"spacer.default\">\n\t\t\t\t<div class=\"elementor-widget-container\">\n\t\t\t\t\t\t\t<div class=\"elementor-spacer\">\n\t\t\t<div class=\"elementor-spacer-inner\"><\/div>\n\t\t<\/div>\n\t\t\t\t\t\t<\/div>\n\t\t\t\t<\/div>\n\t\t\t\t\t<\/div>\n\t\t<\/div>\n\t\t\t\t\t<\/div>\n\t\t<\/section>\n\t\t\t\t<section class=\"elementor-section elementor-top-section elementor-element elementor-element-add360f elementor-section-boxed elementor-section-height-default elementor-section-height-default\" data-id=\"add360f\" data-element_type=\"section\" data-e-type=\"section\">\n\t\t\t\t\t\t<div class=\"elementor-container elementor-column-gap-default\">\n\t\t\t\t\t<div class=\"elementor-column elementor-col-100 elementor-top-column elementor-element elementor-element-54c4548\" data-id=\"54c4548\" data-element_type=\"column\" data-e-type=\"column\">\n\t\t\t<div class=\"elementor-widget-wrap elementor-element-populated\">\n\t\t\t\t\t\t<div class=\"elementor-element elementor-element-dff0c35 elementor-widget elementor-widget-menu-anchor\" data-id=\"dff0c35\" data-element_type=\"widget\" data-e-type=\"widget\" data-widget_type=\"menu-anchor.default\">\n\t\t\t\t<div class=\"elementor-widget-container\">\n\t\t\t\t\t\t\t<div class=\"elementor-menu-anchor\" id=\"aboutorg\"><\/div>\n\t\t\t\t\t\t<\/div>\n\t\t\t\t<\/div>\n\t\t\t\t\t<\/div>\n\t\t<\/div>\n\t\t\t\t\t<\/div>\n\t\t<\/section>\n\t\t\t\t<section class=\"elementor-section elementor-top-section elementor-element elementor-element-257b774 elementor-section-boxed elementor-section-height-default elementor-section-height-default\" data-id=\"257b774\" data-element_type=\"section\" data-e-type=\"section\">\n\t\t\t\t\t\t<div class=\"elementor-container elementor-column-gap-default\">\n\t\t\t\t\t<div class=\"elementor-column elementor-col-100 elementor-top-column elementor-element elementor-element-f89b924\" data-id=\"f89b924\" data-element_type=\"column\" data-e-type=\"column\">\n\t\t\t<div class=\"elementor-widget-wrap elementor-element-populated\">\n\t\t\t\t\t\t<div class=\"elementor-element elementor-element-3dcafc9 elementor-widget elementor-widget-heading\" data-id=\"3dcafc9\" data-element_type=\"widget\" data-e-type=\"widget\" data-widget_type=\"heading.default\">\n\t\t\t\t<div class=\"elementor-widget-container\">\n\t\t\t\t\t<h2 class=\"elementor-heading-title elementor-size-default\">O organizatorjih izobra\u017eevanja<\/h2>\t\t\t\t<\/div>\n\t\t\t\t<\/div>\n\t\t\t\t\t<\/div>\n\t\t<\/div>\n\t\t\t\t\t<\/div>\n\t\t<\/section>\n\t\t\t\t<section class=\"elementor-section elementor-top-section elementor-element elementor-element-a2de8a7 elementor-section-boxed elementor-section-height-default elementor-section-height-default\" data-id=\"a2de8a7\" data-element_type=\"section\" data-e-type=\"section\">\n\t\t\t\t\t\t<div class=\"elementor-container elementor-column-gap-default\">\n\t\t\t\t\t<div class=\"elementor-column elementor-col-33 elementor-top-column elementor-element elementor-element-1b9131a\" data-id=\"1b9131a\" data-element_type=\"column\" data-e-type=\"column\">\n\t\t\t<div class=\"elementor-widget-wrap elementor-element-populated\">\n\t\t\t\t\t\t<div class=\"elementor-element elementor-element-397959d elementor-widget elementor-widget-image\" data-id=\"397959d\" data-element_type=\"widget\" data-e-type=\"widget\" data-widget_type=\"image.default\">\n\t\t\t\t<div class=\"elementor-widget-container\">\n\t\t\t\t\t\t\t\t\t\t\t\t\t\t\t<img decoding=\"async\" width=\"600\" height=\"407\" src=\"https:\/\/diversitylearning.eu\/wp-content\/uploads\/2021\/11\/si_logo_listina.png\" class=\"attachment-medium_large size-medium_large wp-image-1038\" alt=\"\" srcset=\"https:\/\/diversitylearning.eu\/wp-content\/uploads\/2021\/11\/si_logo_listina.png 600w, https:\/\/diversitylearning.eu\/wp-content\/uploads\/2021\/11\/si_logo_listina-300x204.png 300w, https:\/\/diversitylearning.eu\/wp-content\/uploads\/2021\/11\/si_logo_listina-400x271.png 400w\" sizes=\"(max-width: 600px) 100vw, 600px\" \/>\t\t\t\t\t\t\t\t\t\t\t\t\t\t\t<\/div>\n\t\t\t\t<\/div>\n\t\t\t\t\t<\/div>\n\t\t<\/div>\n\t\t\t\t<div class=\"elementor-column elementor-col-66 elementor-top-column elementor-element elementor-element-2ce6740\" data-id=\"2ce6740\" data-element_type=\"column\" data-e-type=\"column\">\n\t\t\t<div class=\"elementor-widget-wrap elementor-element-populated\">\n\t\t\t\t\t\t<div class=\"elementor-element elementor-element-80706b5 elementor-widget elementor-widget-text-editor\" data-id=\"80706b5\" data-element_type=\"widget\" data-e-type=\"widget\" data-widget_type=\"text-editor.default\">\n\t\t\t\t<div class=\"elementor-widget-container\">\n\t\t\t\t\t\t\t\t\t<h2><strong>Listina raznolikosti Slovenija<\/strong><\/h2><p>Listino raznolikosti Slovenija je 14. novembra 2017 za\u010dela slovenska partnerska pobuda Dobrovita d.o.o., Zavod \u0160entprima, SKUP s pomo\u010djo Ministrstva za delo, dru\u017eino, socialne zadeve in enake mo\u017enosti v Republiki Sloveniji, Zdru\u017eenja izvajalcev poklicne rehabilitacije v Republiki Sloveniji, CNVOS -Center za informacijsko slu\u017ebo,\u00a0 Sodelovanje in razvoj nevladnih in zdru\u017eenj delodajalcev Slovenije.<\/p><p>Na za\u010detku je 59 podjetij podpisalo listino o raznolikosti, med njimi tudi nekaj najve\u010djih in najbolj znanih v Sloveniji -LEK (podjetje Sandoz), IBM Slovenija, Oracle Slovenija, AquafilSLO Ltd, Atlantic Grupa, BMW, RLS, Univerzitetni rehabilitacijski in\u0161titut, Republika Slovenija, Studio Moderna in mnoge druge.<\/p><p><a href=\"http:\/\/www.raznolikost.eu\/en\">www.raznolikost.eu\/en<\/a> | <strong>Kontakt<\/strong>: Barbara Zupan\u010dic, listina@raznolikost.eu\u00a0<\/p>\t\t\t\t\t\t\t\t<\/div>\n\t\t\t\t<\/div>\n\t\t\t\t\t<\/div>\n\t\t<\/div>\n\t\t\t\t\t<\/div>\n\t\t<\/section>\n\t\t\t\t<section class=\"elementor-section elementor-top-section elementor-element elementor-element-09e949e elementor-section-boxed elementor-section-height-default elementor-section-height-default\" data-id=\"09e949e\" data-element_type=\"section\" data-e-type=\"section\">\n\t\t\t\t\t\t<div class=\"elementor-container elementor-column-gap-default\">\n\t\t\t\t\t<div class=\"elementor-column elementor-col-33 elementor-top-column elementor-element elementor-element-f35cf8b\" data-id=\"f35cf8b\" data-element_type=\"column\" data-e-type=\"column\">\n\t\t\t<div class=\"elementor-widget-wrap elementor-element-populated\">\n\t\t\t\t\t\t<div class=\"elementor-element elementor-element-cf362fd elementor-widget elementor-widget-image\" data-id=\"cf362fd\" data-element_type=\"widget\" data-e-type=\"widget\" data-widget_type=\"image.default\">\n\t\t\t\t<div class=\"elementor-widget-container\">\n\t\t\t\t\t\t\t\t\t\t\t\t\t\t\t<img decoding=\"async\" width=\"600\" height=\"424\" src=\"https:\/\/diversitylearning.eu\/wp-content\/uploads\/2021\/11\/ro_logo_diversity_charter.png\" class=\"attachment-medium_large size-medium_large wp-image-1039\" alt=\"\" srcset=\"https:\/\/diversitylearning.eu\/wp-content\/uploads\/2021\/11\/ro_logo_diversity_charter.png 600w, https:\/\/diversitylearning.eu\/wp-content\/uploads\/2021\/11\/ro_logo_diversity_charter-300x212.png 300w, https:\/\/diversitylearning.eu\/wp-content\/uploads\/2021\/11\/ro_logo_diversity_charter-400x283.png 400w\" sizes=\"(max-width: 600px) 100vw, 600px\" \/>\t\t\t\t\t\t\t\t\t\t\t\t\t\t\t<\/div>\n\t\t\t\t<\/div>\n\t\t\t\t\t<\/div>\n\t\t<\/div>\n\t\t\t\t<div class=\"elementor-column elementor-col-66 elementor-top-column elementor-element elementor-element-9e0c864\" data-id=\"9e0c864\" data-element_type=\"column\" data-e-type=\"column\">\n\t\t\t<div class=\"elementor-widget-wrap elementor-element-populated\">\n\t\t\t\t\t\t<div class=\"elementor-element elementor-element-a66a853 elementor-widget elementor-widget-text-editor\" data-id=\"a66a853\" data-element_type=\"widget\" data-e-type=\"widget\" data-widget_type=\"text-editor.default\">\n\t\t\t\t<div class=\"elementor-widget-container\">\n\t\t\t\t\t\t\t\t\t<h2><strong>Listina raznolikosti Romunija<\/strong><\/h2><p>Listina <span data-is-focusable=\"true\">raznolikosti<\/span> <span data-is-focusable=\"true\">Romunija<\/span> se je odvila 18. aprila 2018. Romunija je tako kor 21. po vrsti vstopila v zdru\u017ebo Listin raznolikosti EU. Danes vklju\u010duje <span data-is-focusable=\"true\">preko 155<\/span> <span data-is-focusable=\"true\">podpisov,<\/span> ki zajemajo pribli\u017eno <span data-is-focusable=\"true\">200.000<\/span> zaposlenih iz <span data-is-focusable=\"true\">podjetij,<\/span> javnih institucij <span data-is-focusable=\"true\">in<\/span> nevladnih <span data-is-focusable=\"true\">dru\u017eb,<\/span> ki so javno prevzela na\u010dela <span data-is-focusable=\"true\">Listine,<\/span> tako da <span data-is-focusable=\"true\">raznolikost,<\/span> enake mo\u017enosti <span data-is-focusable=\"true\">in<\/span> socialna vklju\u010denost postanejo vrednote, priznane <span data-is-focusable=\"true\">in<\/span> spo\u0161tovane v <span data-is-focusable=\"true\">Romuniji.<\/span> Pod zgledom <span data-is-focusable=\"true\">Romunske<\/span> listine o <span data-is-focusable=\"true\">raznolikosti<\/span> je bilo sprejetih ve\u010d pobud <span data-is-focusable=\"true\">(izmenjave<\/span> <span data-is-focusable=\"true\">izku\u0161enj,<\/span> <span data-is-focusable=\"true\">delavnice,<\/span> <span data-is-focusable=\"true\">seminarji,<\/span> <span data-is-focusable=\"true\">razprave,<\/span> delovne <span data-is-focusable=\"true\">skupine),<\/span> kjer so bile predstavljene, <span data-is-focusable=\"true\">analizirane,<\/span> razpravljane in raz\u0161irjane razli\u010dne prakse in organizacijske politike upravljanja <span data-is-focusable=\"true\">raznolikosti.<\/span> Od <span data-is-focusable=\"true\">leta<\/span> <span data-is-focusable=\"true\">2021<\/span> Listina <span data-is-focusable=\"true\">in<\/span> njene podpisnice skupaj praznujejo Mesec <span data-is-focusable=\"true\">raznolikosti<\/span> <span data-is-focusable=\"true\">EU<\/span> za spodbujanje raznolikosti na delovnem <span data-is-focusable=\"true\">mestu<\/span> <span data-is-focusable=\"true\">in<\/span> <span data-is-focusable=\"true\">v<\/span> <span data-is-focusable=\"true\">dru\u017ebi.<\/span><\/p><p><a href=\"https:\/\/www.cartadiversitatii.ro\/\">https:\/\/www.cartadiversitatii.ro<\/a> | <strong>Kontakt:<\/strong> \u2013 Dana Oancea, dana.oancea@cartadiversitatii.ro<\/p>\t\t\t\t\t\t\t\t<\/div>\n\t\t\t\t<\/div>\n\t\t\t\t\t<\/div>\n\t\t<\/div>\n\t\t\t\t\t<\/div>\n\t\t<\/section>\n\t\t\t\t<section class=\"elementor-section elementor-top-section elementor-element elementor-element-85e3a16 elementor-section-boxed elementor-section-height-default elementor-section-height-default\" data-id=\"85e3a16\" data-element_type=\"section\" data-e-type=\"section\">\n\t\t\t\t\t\t<div class=\"elementor-container elementor-column-gap-default\">\n\t\t\t\t\t<div class=\"elementor-column elementor-col-33 elementor-top-column elementor-element elementor-element-44ea88b\" data-id=\"44ea88b\" data-element_type=\"column\" data-e-type=\"column\">\n\t\t\t<div class=\"elementor-widget-wrap elementor-element-populated\">\n\t\t\t\t\t\t<div class=\"elementor-element elementor-element-9f3dd93 elementor-widget elementor-widget-image\" data-id=\"9f3dd93\" data-element_type=\"widget\" data-e-type=\"widget\" data-widget_type=\"image.default\">\n\t\t\t\t<div class=\"elementor-widget-container\">\n\t\t\t\t\t\t\t\t\t\t\t\t\t\t\t<img loading=\"lazy\" decoding=\"async\" width=\"768\" height=\"370\" src=\"https:\/\/diversitylearning.eu\/wp-content\/uploads\/2021\/11\/hmlogo_jd-768x370.png\" class=\"attachment-medium_large size-medium_large wp-image-1048\" alt=\"\" srcset=\"https:\/\/diversitylearning.eu\/wp-content\/uploads\/2021\/11\/hmlogo_jd-768x370.png 768w, https:\/\/diversitylearning.eu\/wp-content\/uploads\/2021\/11\/hmlogo_jd-300x144.png 300w, https:\/\/diversitylearning.eu\/wp-content\/uploads\/2021\/11\/hmlogo_jd-1024x493.png 1024w, https:\/\/diversitylearning.eu\/wp-content\/uploads\/2021\/11\/hmlogo_jd-600x289.png 600w, https:\/\/diversitylearning.eu\/wp-content\/uploads\/2021\/11\/hmlogo_jd.png 1234w\" sizes=\"(max-width: 768px) 100vw, 768px\" \/>\t\t\t\t\t\t\t\t\t\t\t\t\t\t\t<\/div>\n\t\t\t\t<\/div>\n\t\t\t\t\t<\/div>\n\t\t<\/div>\n\t\t\t\t<div class=\"elementor-column elementor-col-66 elementor-top-column elementor-element elementor-element-c1fc6a1\" data-id=\"c1fc6a1\" data-element_type=\"column\" data-e-type=\"column\">\n\t\t\t<div class=\"elementor-widget-wrap elementor-element-populated\">\n\t\t\t\t\t\t<div class=\"elementor-element elementor-element-6821881 elementor-widget elementor-widget-text-editor\" data-id=\"6821881\" data-element_type=\"widget\" data-e-type=\"widget\" data-widget_type=\"text-editor.default\">\n\t\t\t\t<div class=\"elementor-widget-container\">\n\t\t\t\t\t\t\t\t\t<h2><strong>Listina raznolikosti Hrva\u0161ka<\/strong><\/h2><p>Listina raznolikosti Hrva\u0161ka se je za\u010dela 4. oktobra 2017 s 34 podpisnicami. Hrva\u0161ko Listino \u00a0raznolikosti vodi Hrva\u0161ki poslovni svet za trajnostni razvoj (HR BCSD). Ambasadorji so Gordana Kova\u010devi\u0107, predsednica uprave Ericsson Nikola Tesla, Marinko Do\u0161en, predsednik uprave AD Plastik, Goran Ra\u017enjevi\u0107, predsednik uprave Ilirije Biograd, John Gasparac, predsednik uprave PwC Croatia in Daria Mateljak, partner v Hauska &amp; Partner. Hrva\u0161ka listina raznolikosti ima Zavezni\u0161tvo o enakosti spolov, ki je zbralo organizacije in vsako leto organizirajo javni dogodek na mednarodni dan \u017eensk. \u00a0Poleg tega je hrva\u0161ka Listina organizirala delavnice in izobra\u017eevanja o temah, kot so LGBTIQ+, trajnost, raznolikost na delovnem mestu, \u010dlovekove in otro\u0161ke pravice, enakost spolov, ki so vse povezane s cilji trajnostnega razvoja. Hrva\u0161ka listina raznolikosti ima ve\u010d kot 90 podpisov.<\/p><p><a href=\"http:\/\/www.raznolikost.hr\/\">www.raznolikost.hr<\/a> | <strong>Kontakt<\/strong>: Mirjana Mate\u0161i\u0107, mirjana.matesic@hrpsor.hr<\/p>\t\t\t\t\t\t\t\t<\/div>\n\t\t\t\t<\/div>\n\t\t\t\t\t<\/div>\n\t\t<\/div>\n\t\t\t\t\t<\/div>\n\t\t<\/section>\n\t\t\t\t<\/div>\n\t\t","protected":false},"excerpt":{"rendered":"<p>Po uspe\u0161nem za\u010detku leta 2017 in 2018 so hrva\u0161ka, slovenska in romunska listina raznolikosti ponovno zdru\u017eile mo\u010di za pospe\u0161itev vklju\u010devanja in spodbujanja upravljanja raznolikosti v regiji. \u00a0 Program je namenjen \u0161iroki paleti zainteresiranih strani in strokovnega znanja ter je zasnovan tako, da organizacijam podpisnicam omogo\u010da, da bolj strate\u0161ko vgradijo raznolikost, kar je korak naprej od [&hellip;]<\/p>\n","protected":false},"author":1,"featured_media":0,"parent":0,"menu_order":0,"comment_status":"closed","ping_status":"closed","template":"","meta":{"inline_featured_image":false,"site-sidebar-layout":"no-sidebar","site-content-layout":"page-builder","ast-site-content-layout":"","site-content-style":"default","site-sidebar-style":"default","ast-global-header-display":"","ast-banner-title-visibility":"","ast-main-header-display":"","ast-hfb-above-header-display":"","ast-hfb-below-header-display":"","ast-hfb-mobile-header-display":"","site-post-title":"disabled","ast-breadcrumbs-content":"","ast-featured-img":"disabled","footer-sml-layout":"","theme-transparent-header-meta":"","adv-header-id-meta":"","stick-header-meta":"","header-above-stick-meta":"","header-main-stick-meta":"","header-below-stick-meta":"","astra-migrate-meta-layouts":"default","ast-page-background-enabled":"default","ast-page-background-meta":{"desktop":{"background-color":"","background-image":"","background-repeat":"repeat","background-position":"center center","background-size":"auto","background-attachment":"scroll","background-type":"","background-media":"","overlay-type":"","overlay-color":"","overlay-opacity":"","overlay-gradient":""},"tablet":{"background-color":"","background-image":"","background-repeat":"repeat","background-position":"center center","background-size":"auto","background-attachment":"scroll","background-type":"","background-media":"","overlay-type":"","overlay-color":"","overlay-opacity":"","overlay-gradient":""},"mobile":{"background-color":"","background-image":"","background-repeat":"repeat","background-position":"center center","background-size":"auto","background-attachment":"scroll","background-type":"","background-media":"","overlay-type":"","overlay-color":"","overlay-opacity":"","overlay-gradient":""}},"ast-content-background-meta":{"desktop":{"background-color":"var(--ast-global-color-5)","background-image":"","background-repeat":"repeat","background-position":"center center","background-size":"auto","background-attachment":"scroll","background-type":"","background-media":"","overlay-type":"","overlay-color":"","overlay-opacity":"","overlay-gradient":""},"tablet":{"background-color":"var(--ast-global-color-5)","background-image":"","background-repeat":"repeat","background-position":"center center","background-size":"auto","background-attachment":"scroll","background-type":"","background-media":"","overlay-type":"","overlay-color":"","overlay-opacity":"","overlay-gradient":""},"mobile":{"background-color":"var(--ast-global-color-5)","background-image":"","background-repeat":"repeat","background-position":"center center","background-size":"auto","background-attachment":"scroll","background-type":"","background-media":"","overlay-type":"","overlay-color":"","overlay-opacity":"","overlay-gradient":""}},"footnotes":""},"class_list":["post-2369","page","type-page","status-publish","hentry"],"_links":{"self":[{"href":"https:\/\/diversitylearning.eu\/index.php\/wp-json\/wp\/v2\/pages\/2369","targetHints":{"allow":["GET"]}}],"collection":[{"href":"https:\/\/diversitylearning.eu\/index.php\/wp-json\/wp\/v2\/pages"}],"about":[{"href":"https:\/\/diversitylearning.eu\/index.php\/wp-json\/wp\/v2\/types\/page"}],"author":[{"embeddable":true,"href":"https:\/\/diversitylearning.eu\/index.php\/wp-json\/wp\/v2\/users\/1"}],"replies":[{"embeddable":true,"href":"https:\/\/diversitylearning.eu\/index.php\/wp-json\/wp\/v2\/comments?post=2369"}],"version-history":[{"count":38,"href":"https:\/\/diversitylearning.eu\/index.php\/wp-json\/wp\/v2\/pages\/2369\/revisions"}],"predecessor-version":[{"id":8355,"href":"https:\/\/diversitylearning.eu\/index.php\/wp-json\/wp\/v2\/pages\/2369\/revisions\/8355"}],"wp:attachment":[{"href":"https:\/\/diversitylearning.eu\/index.php\/wp-json\/wp\/v2\/media?parent=2369"}],"curies":[{"name":"wp","href":"https:\/\/api.w.org\/{rel}","templated":true}]}}