{"id":2256,"date":"2022-02-02T10:08:34","date_gmt":"2022-02-02T08:08:34","guid":{"rendered":"https:\/\/diversitylearning.eu\/?page_id=2256"},"modified":"2023-01-13T17:32:28","modified_gmt":"2023-01-13T15:32:28","slug":"despre-wic","status":"publish","type":"page","link":"https:\/\/diversitylearning.eu\/index.php\/ro\/despre-wic\/","title":{"rendered":"Despre WIC"},"content":{"rendered":"\t\t<div data-elementor-type=\"wp-page\" data-elementor-id=\"2256\" class=\"elementor elementor-2256\" data-elementor-post-type=\"page\">\n\t\t\t\t\t\t<section class=\"elementor-section elementor-top-section elementor-element elementor-element-6286c24 elementor-section-boxed elementor-section-height-default elementor-section-height-default\" data-id=\"6286c24\" data-element_type=\"section\" data-e-type=\"section\">\n\t\t\t\t\t\t<div class=\"elementor-container elementor-column-gap-default\">\n\t\t\t\t\t<div class=\"elementor-column elementor-col-100 elementor-top-column elementor-element elementor-element-2d98cf3\" data-id=\"2d98cf3\" data-element_type=\"column\" data-e-type=\"column\">\n\t\t\t<div class=\"elementor-widget-wrap elementor-element-populated\">\n\t\t\t\t\t\t\t<\/div>\n\t\t<\/div>\n\t\t\t\t\t<\/div>\n\t\t<\/section>\n\t\t\t\t<section class=\"elementor-section elementor-top-section elementor-element elementor-element-f666f13 elementor-section-boxed elementor-section-height-default elementor-section-height-default\" data-id=\"f666f13\" data-element_type=\"section\" data-e-type=\"section\">\n\t\t\t\t\t\t<div class=\"elementor-container elementor-column-gap-default\">\n\t\t\t\t\t<div class=\"elementor-column elementor-col-100 elementor-top-column elementor-element elementor-element-a0b65c9\" data-id=\"a0b65c9\" data-element_type=\"column\" data-e-type=\"column\">\n\t\t\t<div class=\"elementor-widget-wrap elementor-element-populated\">\n\t\t\t\t\t\t<div class=\"elementor-element elementor-element-a5141a4 elementor-widget elementor-widget-image\" data-id=\"a5141a4\" data-element_type=\"widget\" data-e-type=\"widget\" data-widget_type=\"image.default\">\n\t\t\t\t<div class=\"elementor-widget-container\">\n\t\t\t\t\t\t\t\t\t\t\t\t\t\t\t<img fetchpriority=\"high\" decoding=\"async\" width=\"1692\" height=\"678\" src=\"https:\/\/diversitylearning.eu\/wp-content\/uploads\/2022\/02\/about_wic_pencils.jpg\" class=\"attachment-full size-full wp-image-2210\" alt=\"\" srcset=\"https:\/\/diversitylearning.eu\/wp-content\/uploads\/2022\/02\/about_wic_pencils.jpg 1692w, https:\/\/diversitylearning.eu\/wp-content\/uploads\/2022\/02\/about_wic_pencils-300x120.jpg 300w, https:\/\/diversitylearning.eu\/wp-content\/uploads\/2022\/02\/about_wic_pencils-1024x410.jpg 1024w, https:\/\/diversitylearning.eu\/wp-content\/uploads\/2022\/02\/about_wic_pencils-768x308.jpg 768w, https:\/\/diversitylearning.eu\/wp-content\/uploads\/2022\/02\/about_wic_pencils-1536x615.jpg 1536w, https:\/\/diversitylearning.eu\/wp-content\/uploads\/2022\/02\/about_wic_pencils-600x240.jpg 600w\" sizes=\"(max-width: 1692px) 100vw, 1692px\" \/>\t\t\t\t\t\t\t\t\t\t\t\t\t\t\t<\/div>\n\t\t\t\t<\/div>\n\t\t\t\t\t<\/div>\n\t\t<\/div>\n\t\t\t\t\t<\/div>\n\t\t<\/section>\n\t\t\t\t<section class=\"elementor-section elementor-top-section elementor-element elementor-element-190b779 elementor-section-boxed elementor-section-height-default elementor-section-height-default\" data-id=\"190b779\" data-element_type=\"section\" data-e-type=\"section\">\n\t\t\t\t\t\t<div class=\"elementor-container elementor-column-gap-default\">\n\t\t\t\t\t<div class=\"elementor-column elementor-col-50 elementor-top-column elementor-element elementor-element-ed2f5a9\" data-id=\"ed2f5a9\" data-element_type=\"column\" data-e-type=\"column\">\n\t\t\t<div class=\"elementor-widget-wrap elementor-element-populated\">\n\t\t\t\t\t\t<div class=\"elementor-element elementor-element-6f5445a elementor-widget elementor-widget-text-editor\" data-id=\"6f5445a\" data-element_type=\"widget\" data-e-type=\"widget\" data-widget_type=\"text-editor.default\">\n\t\t\t\t<div class=\"elementor-widget-container\">\n\t\t\t\t\t\t\t\t\t<div><p><strong><span lang=\"EN-US\">After the successful launch in 2017 and 2018, Croatian, Slovenian and Romanian Diversity Charters have joined again forces to accelerate the inclusion and promotion of diversity management in the region.<\/span><\/strong><\/p><\/div><div><p><span lang=\"EN-US\">The programme brings together a wide range of stakeholders and expertise and is designed to enable signatory organisations to embed diversity on a more strategic level, taking a step forward from one-off initiatives. It equips participants with the necessary tools, knowledge and skills to step away from improvisations and to approach D&amp;I more strategically.<\/span><\/p><\/div><div><p><strong><span lang=\"EN-US\">7 D&amp;I Training Modules <\/span><\/strong><span lang=\"EN-US\">and a <\/span><strong><span lang=\"EN-US\">Regional Diversity Mentorship Scheme<\/span><\/strong><span lang=\"EN-US\"> are a powerful learning and mentorship framework for the Charter\u2019 signatories in these countries, enabling them to address more practically and strategically the principles stated in the Charters. <\/span><\/p><\/div><div><p><span lang=\"EN-US\">Tackling D&amp;I issues in a practical and interactive manner help signatories becoming more active in the field of diversity, while establishing a solid framework for interactions and best practice sharing among signatory organisations.<\/span><\/p><\/div><div><span lang=\"DE\">The project is designed to achieve multiple learning outcomes, including the development of signatories\u2019 knowledge, skills, and attitude, enhanced self-knowledge, enhanced organizational cultures, improved skills to work with different groups.<\/span><\/div>\t\t\t\t\t\t\t\t<\/div>\n\t\t\t\t<\/div>\n\t\t\t\t\t<\/div>\n\t\t<\/div>\n\t\t\t\t<div class=\"elementor-column elementor-col-50 elementor-top-column elementor-element elementor-element-be51d94\" data-id=\"be51d94\" data-element_type=\"column\" data-e-type=\"column\">\n\t\t\t<div class=\"elementor-widget-wrap elementor-element-populated\">\n\t\t\t\t\t\t<div class=\"elementor-element elementor-element-a6b8b29 elementor-widget elementor-widget-shortcode\" data-id=\"a6b8b29\" data-element_type=\"widget\" data-e-type=\"widget\" data-widget_type=\"shortcode.default\">\n\t\t\t\t<div class=\"elementor-widget-container\">\n\t\t\t\t\t\t\t<div class=\"elementor-shortcode\"><div style=\"padding:56.25% 0 0 0;position:relative;\"><iframe src=\"https:\/\/player.vimeo.com\/video\/671890682?h=47b23d875f&amp;badge=0&amp;autopause=0&amp;player_id=0&amp;app_id=58479\" frameborder=\"0\" allow=\"autoplay; fullscreen; picture-in-picture\" allowfullscreen style=\"position:absolute;top:0;left:0;width:100%;height:100%;\" title=\"WIC Introduction\"><\/iframe><\/div><script src=\"https:\/\/player.vimeo.com\/api\/player.js\"><\/script><\/div>\n\t\t\t\t\t\t<\/div>\n\t\t\t\t<\/div>\n\t\t\t\t\t<\/div>\n\t\t<\/div>\n\t\t\t\t\t<\/div>\n\t\t<\/section>\n\t\t\t\t<section class=\"elementor-section elementor-top-section elementor-element elementor-element-135eb3f elementor-section-boxed elementor-section-height-default elementor-section-height-default\" data-id=\"135eb3f\" data-element_type=\"section\" data-e-type=\"section\">\n\t\t\t\t\t\t<div class=\"elementor-container elementor-column-gap-default\">\n\t\t\t\t\t<div class=\"elementor-column elementor-col-100 elementor-top-column elementor-element elementor-element-2f35c60\" data-id=\"2f35c60\" data-element_type=\"column\" data-e-type=\"column\">\n\t\t\t<div class=\"elementor-widget-wrap elementor-element-populated\">\n\t\t\t\t\t\t<div class=\"elementor-element elementor-element-f0f440b elementor-widget elementor-widget-spacer\" data-id=\"f0f440b\" data-element_type=\"widget\" data-e-type=\"widget\" data-widget_type=\"spacer.default\">\n\t\t\t\t<div class=\"elementor-widget-container\">\n\t\t\t\t\t\t\t<div class=\"elementor-spacer\">\n\t\t\t<div class=\"elementor-spacer-inner\"><\/div>\n\t\t<\/div>\n\t\t\t\t\t\t<\/div>\n\t\t\t\t<\/div>\n\t\t\t\t\t<\/div>\n\t\t<\/div>\n\t\t\t\t\t<\/div>\n\t\t<\/section>\n\t\t\t\t<section class=\"elementor-section elementor-top-section elementor-element elementor-element-add360f elementor-section-boxed elementor-section-height-default elementor-section-height-default\" data-id=\"add360f\" data-element_type=\"section\" data-e-type=\"section\">\n\t\t\t\t\t\t<div class=\"elementor-container elementor-column-gap-default\">\n\t\t\t\t\t<div class=\"elementor-column elementor-col-100 elementor-top-column elementor-element elementor-element-54c4548\" data-id=\"54c4548\" data-element_type=\"column\" data-e-type=\"column\">\n\t\t\t<div class=\"elementor-widget-wrap elementor-element-populated\">\n\t\t\t\t\t\t<div class=\"elementor-element elementor-element-dff0c35 elementor-widget elementor-widget-menu-anchor\" data-id=\"dff0c35\" data-element_type=\"widget\" data-e-type=\"widget\" data-widget_type=\"menu-anchor.default\">\n\t\t\t\t<div class=\"elementor-widget-container\">\n\t\t\t\t\t\t\t<div class=\"elementor-menu-anchor\" id=\"aboutorg\"><\/div>\n\t\t\t\t\t\t<\/div>\n\t\t\t\t<\/div>\n\t\t\t\t\t<\/div>\n\t\t<\/div>\n\t\t\t\t\t<\/div>\n\t\t<\/section>\n\t\t\t\t<section class=\"elementor-section elementor-top-section elementor-element elementor-element-257b774 elementor-section-boxed elementor-section-height-default elementor-section-height-default\" data-id=\"257b774\" data-element_type=\"section\" data-e-type=\"section\">\n\t\t\t\t\t\t<div class=\"elementor-container elementor-column-gap-default\">\n\t\t\t\t\t<div class=\"elementor-column elementor-col-100 elementor-top-column elementor-element elementor-element-f89b924\" data-id=\"f89b924\" data-element_type=\"column\" data-e-type=\"column\">\n\t\t\t<div class=\"elementor-widget-wrap elementor-element-populated\">\n\t\t\t\t\t\t<div class=\"elementor-element elementor-element-3dcafc9 elementor-widget elementor-widget-heading\" data-id=\"3dcafc9\" data-element_type=\"widget\" data-e-type=\"widget\" data-widget_type=\"heading.default\">\n\t\t\t\t<div class=\"elementor-widget-container\">\n\t\t\t\t\t<h2 class=\"elementor-heading-title elementor-size-default\">Despre organiza\u021bii<\/h2>\t\t\t\t<\/div>\n\t\t\t\t<\/div>\n\t\t\t\t\t<\/div>\n\t\t<\/div>\n\t\t\t\t\t<\/div>\n\t\t<\/section>\n\t\t\t\t<section class=\"elementor-section elementor-top-section elementor-element elementor-element-a2de8a7 elementor-section-boxed elementor-section-height-default elementor-section-height-default\" data-id=\"a2de8a7\" data-element_type=\"section\" data-e-type=\"section\">\n\t\t\t\t\t\t<div class=\"elementor-container elementor-column-gap-default\">\n\t\t\t\t\t<div class=\"elementor-column elementor-col-33 elementor-top-column elementor-element elementor-element-1b9131a\" data-id=\"1b9131a\" data-element_type=\"column\" data-e-type=\"column\">\n\t\t\t<div class=\"elementor-widget-wrap elementor-element-populated\">\n\t\t\t\t\t\t<div class=\"elementor-element elementor-element-397959d elementor-widget elementor-widget-image\" data-id=\"397959d\" data-element_type=\"widget\" data-e-type=\"widget\" data-widget_type=\"image.default\">\n\t\t\t\t<div class=\"elementor-widget-container\">\n\t\t\t\t\t\t\t\t\t\t\t\t\t\t\t<img decoding=\"async\" width=\"600\" height=\"407\" src=\"https:\/\/diversitylearning.eu\/wp-content\/uploads\/2021\/11\/si_logo_listina.png\" class=\"attachment-medium_large size-medium_large wp-image-1038\" alt=\"\" srcset=\"https:\/\/diversitylearning.eu\/wp-content\/uploads\/2021\/11\/si_logo_listina.png 600w, https:\/\/diversitylearning.eu\/wp-content\/uploads\/2021\/11\/si_logo_listina-300x204.png 300w, https:\/\/diversitylearning.eu\/wp-content\/uploads\/2021\/11\/si_logo_listina-400x271.png 400w\" sizes=\"(max-width: 600px) 100vw, 600px\" \/>\t\t\t\t\t\t\t\t\t\t\t\t\t\t\t<\/div>\n\t\t\t\t<\/div>\n\t\t\t\t\t<\/div>\n\t\t<\/div>\n\t\t\t\t<div class=\"elementor-column elementor-col-66 elementor-top-column elementor-element elementor-element-2ce6740\" data-id=\"2ce6740\" data-element_type=\"column\" data-e-type=\"column\">\n\t\t\t<div class=\"elementor-widget-wrap elementor-element-populated\">\n\t\t\t\t\t\t<div class=\"elementor-element elementor-element-80706b5 elementor-widget elementor-widget-text-editor\" data-id=\"80706b5\" data-element_type=\"widget\" data-e-type=\"widget\" data-widget_type=\"text-editor.default\">\n\t\t\t\t<div class=\"elementor-widget-container\">\n\t\t\t\t\t\t\t\t\t<h2><strong>Slovenian Diversity Charter<\/strong><\/h2><p>The Diversity Charter Slovenia was launched on the 14th of November 2017 by the Slovenian \u00a0partnership initiative from Dobrovita Ltd., Institute Sentprima, SKUP with the help of Ministry of Labour, Family, Social Affairs and Equal \u00a0Opportunities in the Republic of Slovenia, Association of Contractors of Vocational Rehabilitation in the Republic of Slovenia, CNVOS -Centre for Information Service, Co-operation and Development of NGOs and Association of Employers of Slovenia. At the launch, 59 companies signed the diversity charter, including some of the biggest and best known in Slovenia -LEK (Sandoz company), IBM Slovenia, Oracle Slovenia, AquafilSLO Ltd, Atlantic Grupa, BMW, RLS, University Rehabilitation Institute, Republic of Slovenia, Studio Moderna and many others.<\/p><p><a href=\"http:\/\/www.raznolikost.eu\/en\">www.raznolikost.eu\/en<\/a> | <strong>Contact<\/strong>: Barbara Zupancic, raznolikost@dobrovita.com<\/p>\t\t\t\t\t\t\t\t<\/div>\n\t\t\t\t<\/div>\n\t\t\t\t\t<\/div>\n\t\t<\/div>\n\t\t\t\t\t<\/div>\n\t\t<\/section>\n\t\t\t\t<section class=\"elementor-section elementor-top-section elementor-element elementor-element-09e949e elementor-section-boxed elementor-section-height-default elementor-section-height-default\" data-id=\"09e949e\" data-element_type=\"section\" data-e-type=\"section\">\n\t\t\t\t\t\t<div class=\"elementor-container elementor-column-gap-default\">\n\t\t\t\t\t<div class=\"elementor-column elementor-col-33 elementor-top-column elementor-element elementor-element-f35cf8b\" data-id=\"f35cf8b\" data-element_type=\"column\" data-e-type=\"column\">\n\t\t\t<div class=\"elementor-widget-wrap elementor-element-populated\">\n\t\t\t\t\t\t<div class=\"elementor-element elementor-element-cf362fd elementor-widget elementor-widget-image\" data-id=\"cf362fd\" data-element_type=\"widget\" data-e-type=\"widget\" data-widget_type=\"image.default\">\n\t\t\t\t<div class=\"elementor-widget-container\">\n\t\t\t\t\t\t\t\t\t\t\t\t\t\t\t<img decoding=\"async\" width=\"600\" height=\"424\" src=\"https:\/\/diversitylearning.eu\/wp-content\/uploads\/2021\/11\/ro_logo_diversity_charter.png\" class=\"attachment-medium_large size-medium_large wp-image-1039\" alt=\"\" srcset=\"https:\/\/diversitylearning.eu\/wp-content\/uploads\/2021\/11\/ro_logo_diversity_charter.png 600w, https:\/\/diversitylearning.eu\/wp-content\/uploads\/2021\/11\/ro_logo_diversity_charter-300x212.png 300w, https:\/\/diversitylearning.eu\/wp-content\/uploads\/2021\/11\/ro_logo_diversity_charter-400x283.png 400w\" sizes=\"(max-width: 600px) 100vw, 600px\" \/>\t\t\t\t\t\t\t\t\t\t\t\t\t\t\t<\/div>\n\t\t\t\t<\/div>\n\t\t\t\t\t<\/div>\n\t\t<\/div>\n\t\t\t\t<div class=\"elementor-column elementor-col-66 elementor-top-column elementor-element elementor-element-9e0c864\" data-id=\"9e0c864\" data-element_type=\"column\" data-e-type=\"column\">\n\t\t\t<div class=\"elementor-widget-wrap elementor-element-populated\">\n\t\t\t\t\t\t<div class=\"elementor-element elementor-element-a66a853 elementor-widget elementor-widget-text-editor\" data-id=\"a66a853\" data-element_type=\"widget\" data-e-type=\"widget\" data-widget_type=\"text-editor.default\">\n\t\t\t\t<div class=\"elementor-widget-container\">\n\t\t\t\t\t\t\t\t\t<h2><strong>Romanian Diversity Charter<\/strong><\/h2><p>The official launch of the Romanian Diversity Charter took place on 18 April 2018, Romania thus becoming the 21st country in the European Union with a Diversity Charter and benefiting from the membership in the European Diversity Platform. Today, the Charter brings together 155 signatories, covering approx. 200.000 employees from companies, public institutions and NGOs, who have publicly assumed the principles of the Charter, so that diversity, equal opportunities and social inclusion become values acknowledged and respected in Romania. Under the auspices of the Romanian Diversity Charter, several initiatives have taken place (experience exchanges, workshops, seminars, debates, task forces) where different practices and organizational policies of diversity management were presented, analyzed, debated and disseminated. Since 2021 the Charter and its signatories celebrate together the EU Diversity Month to promote diversity in the workplace and in society.<\/p><p><a href=\"https:\/\/www.cartadiversitatii.ro\/\">https:\/\/www.cartadiversitatii.ro<\/a> | <strong>Contact<\/strong> \u2013 Dana Oancea, dana.oancea@cartadiversitatii.ro<\/p>\t\t\t\t\t\t\t\t<\/div>\n\t\t\t\t<\/div>\n\t\t\t\t\t<\/div>\n\t\t<\/div>\n\t\t\t\t\t<\/div>\n\t\t<\/section>\n\t\t\t\t<section class=\"elementor-section elementor-top-section elementor-element elementor-element-85e3a16 elementor-section-boxed elementor-section-height-default elementor-section-height-default\" data-id=\"85e3a16\" data-element_type=\"section\" data-e-type=\"section\">\n\t\t\t\t\t\t<div class=\"elementor-container elementor-column-gap-default\">\n\t\t\t\t\t<div class=\"elementor-column elementor-col-33 elementor-top-column elementor-element elementor-element-44ea88b\" data-id=\"44ea88b\" data-element_type=\"column\" data-e-type=\"column\">\n\t\t\t<div class=\"elementor-widget-wrap elementor-element-populated\">\n\t\t\t\t\t\t<div class=\"elementor-element elementor-element-9f3dd93 elementor-widget elementor-widget-image\" data-id=\"9f3dd93\" data-element_type=\"widget\" data-e-type=\"widget\" data-widget_type=\"image.default\">\n\t\t\t\t<div class=\"elementor-widget-container\">\n\t\t\t\t\t\t\t\t\t\t\t\t\t\t\t<img loading=\"lazy\" decoding=\"async\" width=\"768\" height=\"370\" src=\"https:\/\/diversitylearning.eu\/wp-content\/uploads\/2021\/11\/hmlogo_jd-768x370.png\" class=\"attachment-medium_large size-medium_large wp-image-1048\" alt=\"\" srcset=\"https:\/\/diversitylearning.eu\/wp-content\/uploads\/2021\/11\/hmlogo_jd-768x370.png 768w, https:\/\/diversitylearning.eu\/wp-content\/uploads\/2021\/11\/hmlogo_jd-300x144.png 300w, https:\/\/diversitylearning.eu\/wp-content\/uploads\/2021\/11\/hmlogo_jd-1024x493.png 1024w, https:\/\/diversitylearning.eu\/wp-content\/uploads\/2021\/11\/hmlogo_jd-600x289.png 600w, https:\/\/diversitylearning.eu\/wp-content\/uploads\/2021\/11\/hmlogo_jd.png 1234w\" sizes=\"(max-width: 768px) 100vw, 768px\" \/>\t\t\t\t\t\t\t\t\t\t\t\t\t\t\t<\/div>\n\t\t\t\t<\/div>\n\t\t\t\t\t<\/div>\n\t\t<\/div>\n\t\t\t\t<div class=\"elementor-column elementor-col-66 elementor-top-column elementor-element elementor-element-c1fc6a1\" data-id=\"c1fc6a1\" data-element_type=\"column\" data-e-type=\"column\">\n\t\t\t<div class=\"elementor-widget-wrap elementor-element-populated\">\n\t\t\t\t\t\t<div class=\"elementor-element elementor-element-6821881 elementor-widget elementor-widget-text-editor\" data-id=\"6821881\" data-element_type=\"widget\" data-e-type=\"widget\" data-widget_type=\"text-editor.default\">\n\t\t\t\t<div class=\"elementor-widget-container\">\n\t\t\t\t\t\t\t\t\t<h2><strong>Croatian Diversity Charter<\/strong><\/h2><p>The Diversity Charter Croatia was launched on October 4<sup>th<\/sup> 2017 with 34 signatories. Croatian Diversity Charter is run by the Croatian Business Council for Sustainable Development (HR BCSD). Ambassadors are Gordana Kova\u010devi\u0107, president the board of Ericsson Nikola Tesla, Marinko Do\u0161en, president of the board of AD Plastik, Goran Ra\u017enjevi\u0107, president of the board of Ilirija Biograd, John Gasparac, president of the board of PwC Croatia and Daria Mateljak, partner in Hauska &amp; Partner. Croatian Diversity Charter has Alliance on Gender Equality which gathered organizations and bring public event every year during International women day. Also, Croatian DC organized workshops and educations on topics as LGBTIQ+, sustainability, diversity at workplace, human and children\u2019s rights,\u00a0 gender equality all linked by SDGs. Croatian Diversity Charter have more then 90 signatories.<\/p><p><a href=\"http:\/\/www.raznolikost.hr\/\">www.raznolikost.hr<\/a> | <strong>Contact<\/strong>: Mirjana Matesic, mirjana.matesic@hrpsor.hr<\/p>\t\t\t\t\t\t\t\t<\/div>\n\t\t\t\t<\/div>\n\t\t\t\t\t<\/div>\n\t\t<\/div>\n\t\t\t\t\t<\/div>\n\t\t<\/section>\n\t\t\t\t<\/div>\n\t\t","protected":false},"excerpt":{"rendered":"<p>After the successful launch in 2017 and 2018, Croatian, Slovenian and Romanian Diversity Charters have joined again forces to accelerate the inclusion and promotion of diversity management in the region. The programme brings together a wide range of stakeholders and expertise and is designed to enable signatory organisations to embed diversity on a more strategic [&hellip;]<\/p>\n","protected":false},"author":1,"featured_media":0,"parent":0,"menu_order":0,"comment_status":"closed","ping_status":"closed","template":"","meta":{"inline_featured_image":false,"site-sidebar-layout":"no-sidebar","site-content-layout":"page-builder","ast-site-content-layout":"","site-content-style":"default","site-sidebar-style":"default","ast-global-header-display":"","ast-banner-title-visibility":"","ast-main-header-display":"","ast-hfb-above-header-display":"","ast-hfb-below-header-display":"","ast-hfb-mobile-header-display":"","site-post-title":"disabled","ast-breadcrumbs-content":"","ast-featured-img":"disabled","footer-sml-layout":"","theme-transparent-header-meta":"","adv-header-id-meta":"","stick-header-meta":"","header-above-stick-meta":"","header-main-stick-meta":"","header-below-stick-meta":"","astra-migrate-meta-layouts":"default","ast-page-background-enabled":"default","ast-page-background-meta":{"desktop":{"background-color":"","background-image":"","background-repeat":"repeat","background-position":"center center","background-size":"auto","background-attachment":"scroll","background-type":"","background-media":"","overlay-type":"","overlay-color":"","overlay-opacity":"","overlay-gradient":""},"tablet":{"background-color":"","background-image":"","background-repeat":"repeat","background-position":"center center","background-size":"auto","background-attachment":"scroll","background-type":"","background-media":"","overlay-type":"","overlay-color":"","overlay-opacity":"","overlay-gradient":""},"mobile":{"background-color":"","background-image":"","background-repeat":"repeat","background-position":"center center","background-size":"auto","background-attachment":"scroll","background-type":"","background-media":"","overlay-type":"","overlay-color":"","overlay-opacity":"","overlay-gradient":""}},"ast-content-background-meta":{"desktop":{"background-color":"var(--ast-global-color-5)","background-image":"","background-repeat":"repeat","background-position":"center center","background-size":"auto","background-attachment":"scroll","background-type":"","background-media":"","overlay-type":"","overlay-color":"","overlay-opacity":"","overlay-gradient":""},"tablet":{"background-color":"var(--ast-global-color-5)","background-image":"","background-repeat":"repeat","background-position":"center center","background-size":"auto","background-attachment":"scroll","background-type":"","background-media":"","overlay-type":"","overlay-color":"","overlay-opacity":"","overlay-gradient":""},"mobile":{"background-color":"var(--ast-global-color-5)","background-image":"","background-repeat":"repeat","background-position":"center center","background-size":"auto","background-attachment":"scroll","background-type":"","background-media":"","overlay-type":"","overlay-color":"","overlay-opacity":"","overlay-gradient":""}},"footnotes":""},"class_list":["post-2256","page","type-page","status-publish","hentry"],"_links":{"self":[{"href":"https:\/\/diversitylearning.eu\/index.php\/wp-json\/wp\/v2\/pages\/2256","targetHints":{"allow":["GET"]}}],"collection":[{"href":"https:\/\/diversitylearning.eu\/index.php\/wp-json\/wp\/v2\/pages"}],"about":[{"href":"https:\/\/diversitylearning.eu\/index.php\/wp-json\/wp\/v2\/types\/page"}],"author":[{"embeddable":true,"href":"https:\/\/diversitylearning.eu\/index.php\/wp-json\/wp\/v2\/users\/1"}],"replies":[{"embeddable":true,"href":"https:\/\/diversitylearning.eu\/index.php\/wp-json\/wp\/v2\/comments?post=2256"}],"version-history":[{"count":8,"href":"https:\/\/diversitylearning.eu\/index.php\/wp-json\/wp\/v2\/pages\/2256\/revisions"}],"predecessor-version":[{"id":8317,"href":"https:\/\/diversitylearning.eu\/index.php\/wp-json\/wp\/v2\/pages\/2256\/revisions\/8317"}],"wp:attachment":[{"href":"https:\/\/diversitylearning.eu\/index.php\/wp-json\/wp\/v2\/media?parent=2256"}],"curies":[{"name":"wp","href":"https:\/\/api.w.org\/{rel}","templated":true}]}}